{"id":860,"date":"2022-03-24T19:07:47","date_gmt":"2022-03-24T19:07:47","guid":{"rendered":"https:\/\/out-task.com\/?page_id=860"},"modified":"2022-03-24T19:10:53","modified_gmt":"2022-03-24T19:10:53","slug":"impressum","status":"publish","type":"page","link":"https:\/\/out-task.com\/en\/impressum","title":{"rendered":"Impressum \/ Imprint"},"content":{"rendered":"<div data-elementor-type=\"wp-page\" data-elementor-id=\"860\" class=\"elementor elementor-860\">\n\t\t\t\t\t\t\t\t\t<section class=\"elementor-section elementor-top-section elementor-element elementor-element-5a7bf98 elementor-section-boxed elementor-section-height-default elementor-section-height-default\" data-id=\"5a7bf98\" data-element_type=\"section\">\n\t\t\t\t\t\t<div class=\"elementor-container elementor-column-gap-default\">\n\t\t\t\t\t<div class=\"elementor-column elementor-col-100 elementor-top-column elementor-element elementor-element-3891aa7\" data-id=\"3891aa7\" data-element_type=\"column\">\n\t\t\t<div class=\"elementor-widget-wrap elementor-element-populated\">\n\t\t\t\t\t\t\t\t<div class=\"elementor-element elementor-element-88e247d elementor-widget elementor-widget-html\" data-id=\"88e247d\" data-element_type=\"widget\" data-widget_type=\"html.default\">\n\t\t\t\t<div class=\"elementor-widget-container\">\n\t\t\t<p><strong><i>Kontakt-Adresse<\/i><\/strong><\/p><p>Out Task AG<br\/>Bottighoferstrasse 1<br\/>8280 Kreuzlingen<br\/>Schweiz<\/p><p>E-Mail:<br\/>contact@out-task.com<\/p><br\/><br\/><p><strong><i>Vertretungsberechtigte Person(en)<\/i><\/strong><\/p>Uwe Winnwa Gesch&auml;ftsf&uuml;hrer<br\/>Heike Diebold Gesch&auml;ftsf&uuml;hrerin<br\/><br\/><p><strong><i>Handelsregister-Eintrag<\/i><\/strong><\/p>Eingetragener Firmenname:<br\/><strong>Out Task AG<\/strong><br\/><br\/>Unternehmens-Nr (UID):<br\/><strong>CHE-116.374.582<\/strong><br\/><br\/><p>Mehrwertsteuer-Nummer<br\/><strong>CHE-116.374.582 MWST<\/strong><br\/><br\/><br\/><p><strong><i>Haftungsausschluss<\/i><\/strong><\/p>Der Autor &uuml;bernimmt keinerlei Gew&auml;hr hinsichtlich der inhaltlichen Richtigkeit, Genauigkeit, Aktualit&auml;t, Zuverl&auml;ssigkeit und Vollst&auml;ndigkeit der Informationen.<\/p><p>Haftungsanspr&uuml;che gegen den Autor wegen Sch&auml;den materieller oder immaterieller Art, welche aus dem Zugriff oder der Nutzung bzw. Nichtnutzung der ver&ouml;ffentlichten Informationen, durch Missbrauch der Verbindung oder durch technische St&ouml;rungen entstanden sind, werden ausgeschlossen.<\/p><p>Alle Angebote sind unverbindlich. Der Autor beh&auml;lt es sich ausdr&uuml;cklich vor, Teile der Seiten oder das gesamte Angebot ohne besondere Ank&uuml;ndigung zu ver&auml;ndern, zu erg&auml;nzen, zu l&ouml;schen oder die Ver&ouml;ffentlichung zeitweise oder endg&uuml;ltig einzustellen.<\/p><br\/><br\/><p><strong><i>Haftungsausschluss f&uuml;r Links<\/i><\/strong><\/p><p>Verweise und Links auf Webseiten Dritter liegen ausserhalb unseres Verantwortungsbereichs. Es wird jegliche Verantwortung f&uuml;r solche Webseiten abgelehnt. Der Zugriff und die Nutzung solcher Webseiten erfolgen auf eigene Gefahr des jeweiligen Nutzers.<\/p><br\/><br\/><p><strong><i>Urheberrechte<\/i><\/strong><\/p><p>Die Urheber- und alle anderen Rechte an Inhalten, Bildern, Fotos oder anderen Dateien auf dieser Website, geh&ouml;ren ausschliesslich <strong>der Firma Out Task AG<\/strong> oder den speziell genannten Rechteinhabern. F&uuml;r die Reproduktion jeglicher Elemente ist die schriftliche Zustimmung des Urheberrechtstr&auml;gers im Voraus einzuholen.<\/p><br\/><!--ACHTUNG: Wenn Sie die Quelle ohne Erlaubnis von SwissAnwalt entfernen, dann begehen Sie eine Urheberrechtsverletzung welche in jedem Fall geahndet wird.-->Quelle: <a href=\"https:\/\/www.swissanwalt.ch\" target=\"_blank\" rel=\"noopener\">SwissAnwalt<\/a><!--Bitte beachten Sie die AGB von SwissAnwalt betreffend allf&auml;llig anfallenden Kosten bei Weglassen der Quelle!-->\r\n\t\t<\/div>\n\t\t\t\t<\/div>\n\t\t\t\t\t<\/div>\n\t\t<\/div>\n\t\t\t\t\t\t\t<\/div>\n\t\t<\/section>\n\t\t\t\t\t\t\t<\/div>","protected":false},"excerpt":{"rendered":"<p>Kontakt-Adresse Out Task AG Bottighoferstrasse 1 8280 Kreuzlingen Schweiz E-Mail: contact@out-task.com Vertretungsberechtigte Person(en) Uwe Winnwa Gesch\u00e4ftsf\u00fchrer Heike Diebold Gesch\u00e4ftsf\u00fchrerin Handelsregister-Eintrag Eingetragener Firmenname: Out Task AG Unternehmens-Nr (UID): CHE-116.374.582 Mehrwertsteuer-Nummer CHE-116.374.582 MWST Haftungsausschluss Der Autor \u00fcbernimmt keinerlei Gew\u00e4hr hinsichtlich der inhaltlichen Richtigkeit, Genauigkeit, Aktualit\u00e4t, Zuverl\u00e4ssigkeit und Vollst\u00e4ndigkeit der Informationen. Haftungsanspr\u00fcche gegen den Autor wegen Sch\u00e4den materieller [&hellip;]<\/p>","protected":false},"author":1,"featured_media":0,"parent":0,"menu_order":0,"comment_status":"closed","ping_status":"closed","template":"","meta":{"footnotes":""},"class_list":["post-860","page","type-page","status-publish","hentry","entry"],"_links":{"self":[{"href":"https:\/\/out-task.com\/en\/wp-json\/wp\/v2\/pages\/860","targetHints":{"allow":["GET"]}}],"collection":[{"href":"https:\/\/out-task.com\/en\/wp-json\/wp\/v2\/pages"}],"about":[{"href":"https:\/\/out-task.com\/en\/wp-json\/wp\/v2\/types\/page"}],"author":[{"embeddable":true,"href":"https:\/\/out-task.com\/en\/wp-json\/wp\/v2\/users\/1"}],"replies":[{"embeddable":true,"href":"https:\/\/out-task.com\/en\/wp-json\/wp\/v2\/comments?post=860"}],"version-history":[{"count":0,"href":"https:\/\/out-task.com\/en\/wp-json\/wp\/v2\/pages\/860\/revisions"}],"wp:attachment":[{"href":"https:\/\/out-task.com\/en\/wp-json\/wp\/v2\/media?parent=860"}],"curies":[{"name":"wp","href":"https:\/\/api.w.org\/{rel}","templated":true}]}}